{"id":3,"date":"2022-03-24T20:03:30","date_gmt":"2022-03-24T18:03:30","guid":{"rendered":"https:\/\/www.pointcocapital.com\/?page_id=3"},"modified":"2023-08-22T11:57:22","modified_gmt":"2023-08-22T08:57:22","slug":"privacy-policy","status":"publish","type":"page","link":"https:\/\/www.pointcoinvestment.com\/it\/privacy-policy\/","title":{"rendered":"Avviso legale"},"content":{"rendered":"<\/p>\r\n<h2><\/h2>\r\n<p><\/p>\r\n<p><\/p>\r\n<h2 class=\"wp-block-heading\"><\/h2>\r\n<p>Niniejsza strona <a href=\"https:\/\/www.pointcocapital.com\">https:\/\/www.pointcocapital.com<\/a> (zwana dalej &#8220;Stron\u0105&#8221;) jest opublikowana przez firm\u0119 PointCo Capital.<\/p>\r\n<p>&nbsp;<\/p>\r\n<p><strong>Siedziba:<\/strong> 10 rue de Penthi\u00e8vre, 75008, Paris<br \/>SAS unipersonnelle z kapita\u0142em o wysoko\u015bci 100 000 \u20ac zarejestrowany w RCS w Pary\u017cu pod numerem 539 807 677<br \/>Wewn\u0105trzwsp\u00f3lnotowy numer VAT: FR89539807677<br \/><strong>Telefon :<\/strong> <a href=\"tel:+33176433444\">(+33) 1 76 43 34 44<\/a><br \/><strong>Mail:<\/strong> <a href=\"mailto:contact@pointcocapital.fr\">contact@pointcocapital.fr<\/a><br \/><strong>Dyrektor publikacji:<\/strong> J\u00e9r\u00f4me Cornille, Dyrektor Generalny PointCo Capital<br \/><br \/><\/p>\r\n<p>&nbsp;<\/p>\r\n<p><strong>Hosting<\/strong> strony internetowej jest zapewniany przez firm\u0119 OVH<br \/>SAS z kapita\u0142em o wysoko\u015bci 174 560 \u20ac<br \/>RCS Lille M\u00e9tropole 424 761 419 00045<br \/>Siedziba: 2 rue Kellermann &#8211; 59100 Roubaix &#8211; France<\/p>\r\n<p>&nbsp;<\/p>\r\n<p>POINTCO CAPITAL prowadzi w szczeg\u00f3lno\u015bci dzia\u0142alno\u015b\u0107 po\u015brednika w obrocie nieruchomo\u015bciami regulowan\u0105 ustaw\u0105 nr 70-9 z dnia 2 stycznia 1970 r. i jej dekretem wykonawczym nr 72-678 z dnia 20 lipca 1972 r.<\/p>\r\n<p><br \/>POINTCO CAPITAL jest zarejestrowany Registre du Commerce et des Soci\u00e9t\u00e9s de Paris (w Rejestrze Przedsi\u0119biorstw) (zwanym RCS) <br \/>Numer legitymacji zawodowej: CPI 7501 2021 000 000 614<br \/>CCI do wydania legitymacji zawodowej: CCI Paris Ile-de-France<\/p>\r\n<p>&nbsp;<\/p>\r\n<p><strong>Credits<\/strong><br \/>2022 \u2013 POINTCO CAPITAL \u2013 ALL RIGHTS RESERVED<br \/>Photos by Cyril Abad &amp; Mathias Zwick (from Inland Stories)<br \/>Contents by the PointCo Capital Communication<br \/>Designed by the PointCo Capital Communication &amp; Arttractiv \u2028Developed by Arttractiv<\/p>\r\n<p>&nbsp;<\/p>\r\n<p>&nbsp;<\/p>\r\n<p>&nbsp;<\/p>\r\n<h2 class=\"wp-block-heading\"><\/h2>\r\n<p><\/p>\r\n<p><\/p><!-- \/wp:heading --><\/p>\r\n<h2><!-- wp:heading --><\/h2>\r\n<p><!-- wp:heading --><\/p>\r\n<h2><!-- wp:heading --><\/h2>\r\n<p>Este site <a href=\"https:\/\/www.pointcocapital.com\">https:\/\/www.pointcocapital.com<\/a> (doravante designado por &#8220;Site&#8221;) \u00e9 publicado pela PointCo Capital.<\/p>\r\n<p>&nbsp;<\/p>\r\n<p><strong>Sede:<\/strong> 10 rue de Penthi\u00e8vre, 75008, Paris<br \/>SARL de um membro \u00fanico com um capital de \u20ac100.000 registado no RCS de Paris sob o n\u00famero 539 807 677<br \/>N\u00famero do IVA intracomun imunidade: FR89539807677<br \/><strong>Telefone :<\/strong> <a href=\"tel:+33176433444\">(+33) 1 76 43 34 44<\/a><br \/><strong>Correio:<\/strong> <a href=\"mailto:contact@pointcocapital.fr\">contact@pointcocapital.fr<\/a><br \/><strong>Diretor de publica\u00e7\u00e3o:<\/strong> J\u00e9r\u00f4me Cornille, CEO PointCo Capital<br \/><br \/><\/p>\r\n<p>&nbsp;<\/p>\r\n<p><br \/><strong>O alojamento do site<\/strong> \u00e9 fornecido pela empresa OVH<br \/>SAS au capital de 10 174 560 \u20ac<br \/>RCS Lille M\u00e9tropole 424 761 419 00045<br \/>Si\u00e8ge social : 2 rue Kellermann &#8211; 59100 Roubaix &#8211; France<\/p>\r\n<p>A POINTCO CAPITAL exerce, em particular, uma atividade de agente imobili\u00e1rio regulada pela Lei n.\u00ba 70-9 de 2 de janeiro de 1970 e pelo seu decreto de execu\u00e7\u00e3o n.\u00ba 72-678, de 20 de julho de 1972.<br \/>A POINTCO CAPITAL est\u00e1 registadano Registo comercial e de empresas de Paris. <br \/>N\u00famero do cart\u00e3o profissional: CPI 7501 2021 000 000 614<br \/>CCI para a emiss\u00e3o do cart\u00e3o profissional: CCI Paris Ile-de-France<\/p>\r\n<p>&nbsp;<\/p>\r\n<p><strong>Cr\u00e9ditos<\/strong><br \/>\u20282022 &#8211; POINTCO CAPITAL \u2013 TODOS OS DIREITOS RESERVADOS<br \/>Fotos de Cyril Abad &amp; Mathias Zwick (de Inland Stories) <br \/>Conte\u00fados do PointCo Capital De comunica\u00e7\u00e3o Assinados pelo <br \/>PointCo Capital Communication &amp; Arttractiv <br \/>Desenvolvido pela Arttractiv<\/p>\r\n<h2><!-- \/wp:heading --><\/h2>\r\n<p><!-- \/wp:heading --><\/p><p>Questo sito <a href=\"https:\/\/www.pointcocapital.com\">https:\/\/www.pointcocapital.com<\/a> (di seguito denominato &#8220;Sito&#8221;) \u00e8 pubblicato da PointCo Capital.<\/p>\r\n<p>&nbsp;<\/p>\r\n<p><br \/><strong>Sede legale:<\/strong> 10 rue de Penthi\u00e8vre, 75008, Parigi<br \/>SARL unipersonale con capitale sociale di \u20ac 100.000 <br \/>registrata presso il RCS di Parigi con il numero 539 807 677<br \/>Partita IVA intracomunitaria: FR89539807677<br \/><strong>Telefono :<\/strong> <a href=\"tel:+33176433444\">(+33) 1 76 43 34 44<\/a><br \/><strong>Posta:<\/strong> <a href=\"mailto:contact@pointcocapital.fr\">contact@pointcocapital.fr<\/a><br \/><strong>Direttore della pubblicazione:<\/strong> J\u00e9r\u00f4me Cornille, CEO PointCo Group<br \/><strong>Caporedattore:<\/strong> Sig.ra Aude Delmas-Begue, Responsabile Comunicazione Gruppo PointCo<\/p>\r\n<p>&nbsp;<\/p>\r\n<p><strong>L&#8217;hosting del sito<\/strong> \u00e8 fornito dalla societ\u00e0 OVH.<br \/>SAS au capital de 10 174 560 \u20ac<br \/>RCS Lille M\u00e9tropole 424 761 419 00045<br \/>Si\u00e8ge social : 2 rue Kellermann &#8211; 59100 Roubaix &#8211; France<\/p>\r\n<p>POINTCO CAPITAL svolge in particolare un&#8217;attivit\u00e0 di agente immobiliare regolata dalla legge n. 70-9 del 2 gennaio 1970 e dal suo decreto attuativo n. 72-678 del 20 luglio 1972.<br \/>POINTCO CAPITAL \u00e8 iscritta alRegistro del Commercio e delle Societ\u00e0 di Parigi. <br \/>Numero tessera professionale: CPI 7501 2021 000 000 614<br \/>CCI per il rilascio della tessera professionale: CCI Paris Ile-de-France<\/p>\r\n<p>&nbsp;<\/p>\r\n<p><strong>Crediti<\/strong><br \/>\u20282022 \u2013 POINTCO CAPITAL \u2013 TUTTI I DIRITTI RISERVATI<br \/>Foto di Cyril Abad &amp; Mathias Zwick (da Inland Stories) <br \/>Contenuti di PointCo Group Communication<br \/>Designed by the PointCo Group Communication &amp; Arttractiv <br \/>Sviluppato da Arttractiv<\/p><!-- \/wp:post-content --><!-- \/wp:heading --><\/h2>\r\n<p><!-- wp:heading --><\/p>\r\n<h2><!-- wp:heading --><\/h2>\r\n<p><!-- wp:heading --><\/p>\r\n<h2><!-- wp:heading --><\/h2>\r\n<p>Este site <a href=\"https:\/\/www.pointcocapital.com\">https:\/\/www.pointcocapital.com<\/a> (doravante designado por &#8220;Site&#8221;) \u00e9 publicado pela PointCo Capital.<\/p>\r\n<p>&nbsp;<\/p>\r\n<p><strong>Sede:<\/strong> 10 rue de Penthi\u00e8vre, 75008, Paris<br \/>SARL de um membro \u00fanico com um capital de \u20ac100.000 registado no RCS de Paris sob o n\u00famero 539 807 677<br \/>N\u00famero do IVA intracomun imunidade: FR89539807677<br \/><strong>Telefone :<\/strong> <a href=\"tel:+33176433444\">(+33) 1 76 43 34 44<\/a><br \/><strong>Correio:<\/strong> <a href=\"mailto:contact@pointcocapital.fr\">contact@pointcocapital.fr<\/a><br \/><strong>Diretor de publica\u00e7\u00e3o:<\/strong> J\u00e9r\u00f4me Cornille, CEO PointCo Capital<br \/><br \/><\/p>\r\n<p>&nbsp;<\/p>\r\n<p><br \/><strong>O alojamento do site<\/strong> \u00e9 fornecido pela empresa OVH<br \/>SAS au capital de 10 174 560 \u20ac<br \/>RCS Lille M\u00e9tropole 424 761 419 00045<br \/>Si\u00e8ge social : 2 rue Kellermann &#8211; 59100 Roubaix &#8211; France<\/p>\r\n<p>A POINTCO CAPITAL exerce, em particular, uma atividade de agente imobili\u00e1rio regulada pela Lei n.\u00ba 70-9 de 2 de janeiro de 1970 e pelo seu decreto de execu\u00e7\u00e3o n.\u00ba 72-678, de 20 de julho de 1972.<br \/>A POINTCO CAPITAL est\u00e1 registadano Registo comercial e de empresas de Paris. <br \/>N\u00famero do cart\u00e3o profissional: CPI 7501 2021 000 000 614<br \/>CCI para a emiss\u00e3o do cart\u00e3o profissional: CCI Paris Ile-de-France<\/p>\r\n<p>&nbsp;<\/p>\r\n<p><strong>Cr\u00e9ditos<\/strong><br \/>\u20282022 &#8211; POINTCO CAPITAL \u2013 TODOS OS DIREITOS RESERVADOS<br \/>Fotos de Cyril Abad &amp; Mathias Zwick (de Inland Stories) <br \/>Conte\u00fados do PointCo Capital De comunica\u00e7\u00e3o Assinados pelo <br \/>PointCo Capital Communication &amp; Arttractiv <br \/>Desenvolvido pela Arttractiv<\/p>\r\n<h2><!-- \/wp:paragraph --><\/h2>\r\n<p><!-- \/wp:paragraph --><\/p><p>Questo sito <a href=\"https:\/\/www.pointcocapital.com\">https:\/\/www.pointcocapital.com<\/a> (di seguito denominato &#8220;Sito&#8221;) \u00e8 pubblicato da PointCo Capital.<\/p>\r\n<p>&nbsp;<\/p>\r\n<p><br \/><strong>Sede legale:<\/strong> 10 rue de Penthi\u00e8vre, 75008, Parigi<br \/>SARL unipersonale con capitale sociale di \u20ac 100.000 <br \/>registrata presso il RCS di Parigi con il numero 539 807 677<br \/>Partita IVA intracomunitaria: FR89539807677<br \/><strong>Telefono :<\/strong> <a href=\"tel:+33176433444\">(+33) 1 76 43 34 44<\/a><br \/><strong>Posta:<\/strong> <a href=\"mailto:contact@pointcocapital.fr\">contact@pointcocapital.fr<\/a><br \/><strong>Direttore della pubblicazione:<\/strong> J\u00e9r\u00f4me Cornille, CEO PointCo Group<br \/><strong>Caporedattore:<\/strong> Sig.ra Aude Delmas-Begue, Responsabile Comunicazione Gruppo PointCo<\/p>\r\n<p>&nbsp;<\/p>\r\n<p><strong>L&#8217;hosting del sito<\/strong> \u00e8 fornito dalla societ\u00e0 OVH.<br \/>SAS au capital de 10 174 560 \u20ac<br \/>RCS Lille M\u00e9tropole 424 761 419 00045<br \/>Si\u00e8ge social : 2 rue Kellermann &#8211; 59100 Roubaix &#8211; France<\/p>\r\n<p>POINTCO CAPITAL svolge in particolare un&#8217;attivit\u00e0 di agente immobiliare regolata dalla legge n. 70-9 del 2 gennaio 1970 e dal suo decreto attuativo n. 72-678 del 20 luglio 1972.<br \/>POINTCO CAPITAL \u00e8 iscritta alRegistro del Commercio e delle Societ\u00e0 di Parigi. <br \/>Numero tessera professionale: CPI 7501 2021 000 000 614<br \/>CCI per il rilascio della tessera professionale: CCI Paris Ile-de-France<\/p>\r\n<p>&nbsp;<\/p>\r\n<p><strong>Crediti<\/strong><br \/>\u20282022 \u2013 POINTCO CAPITAL \u2013 TUTTI I DIRITTI RISERVATI<br \/>Foto di Cyril Abad &amp; Mathias Zwick (da Inland Stories) <br \/>Contenuti di PointCo Group Communication<br \/>Designed by the PointCo Group Communication &amp; Arttractiv <br \/>Sviluppato da Arttractiv<\/p><!-- \/wp:post-content --><!-- \/wp:heading --><\/p>\r\n<h2><!-- wp:heading --><\/h2>\r\n<p><!-- wp:heading --><\/p>\r\n<h2><!-- wp:heading --><\/h2>\r\n<p><!-- wp:heading --><\/p>\r\n<h2><!-- wp:heading --><\/h2>\r\n<p>Este site <a href=\"https:\/\/www.pointcocapital.com\">https:\/\/www.pointcocapital.com<\/a> (doravante designado por &#8220;Site&#8221;) \u00e9 publicado pela PointCo Capital.<\/p>\r\n<p>&nbsp;<\/p>\r\n<p><strong>Sede:<\/strong> 10 rue de Penthi\u00e8vre, 75008, Paris<br \/>SARL de um membro \u00fanico com um capital de \u20ac100.000 registado no RCS de Paris sob o n\u00famero 539 807 677<br \/>N\u00famero do IVA intracomun imunidade: FR89539807677<br \/><strong>Telefone :<\/strong> <a href=\"tel:+33176433444\">(+33) 1 76 43 34 44<\/a><br \/><strong>Correio:<\/strong> <a href=\"mailto:contact@pointcocapital.fr\">contact@pointcocapital.fr<\/a><br \/><strong>Diretor de publica\u00e7\u00e3o:<\/strong> J\u00e9r\u00f4me Cornille, CEO PointCo Capital<br \/><br \/><\/p>\r\n<p>&nbsp;<\/p>\r\n<p><br \/><strong>O alojamento do site<\/strong> \u00e9 fornecido pela empresa OVH<br \/>SAS au capital de 10 174 560 \u20ac<br \/>RCS Lille M\u00e9tropole 424 761 419 00045<br \/>Si\u00e8ge social : 2 rue Kellermann &#8211; 59100 Roubaix &#8211; France<\/p>\r\n<p>A POINTCO CAPITAL exerce, em particular, uma atividade de agente imobili\u00e1rio regulada pela Lei n.\u00ba 70-9 de 2 de janeiro de 1970 e pelo seu decreto de execu\u00e7\u00e3o n.\u00ba 72-678, de 20 de julho de 1972.<br \/>A POINTCO CAPITAL est\u00e1 registadano Registo comercial e de empresas de Paris. <br \/>N\u00famero do cart\u00e3o profissional: CPI 7501 2021 000 000 614<br \/>CCI para a emiss\u00e3o do cart\u00e3o profissional: CCI Paris Ile-de-France<\/p>\r\n<p>&nbsp;<\/p>\r\n<p><strong>Cr\u00e9ditos<\/strong><br \/>\u20282022 &#8211; POINTCO CAPITAL \u2013 TODOS OS DIREITOS RESERVADOS<br \/>Fotos de Cyril Abad &amp; Mathias Zwick (de Inland Stories) <br \/>Conte\u00fados do PointCo Capital De comunica\u00e7\u00e3o Assinados pelo <br \/>PointCo Capital Communication &amp; Arttractiv <br \/>Desenvolvido pela Arttractiv<\/p>\r\n<h2><!-- \/wp:paragraph --><\/h2>\r\n<p><!-- \/wp:paragraph --><\/p><p>Questo sito <a href=\"https:\/\/www.pointcocapital.com\">https:\/\/www.pointcocapital.com<\/a> (di seguito denominato &#8220;Sito&#8221;) \u00e8 pubblicato da PointCo Capital.<\/p>\r\n<p>&nbsp;<\/p>\r\n<p><br \/><strong>Sede legale:<\/strong> 10 rue de Penthi\u00e8vre, 75008, Parigi<br \/>SARL unipersonale con capitale sociale di \u20ac 100.000 <br \/>registrata presso il RCS di Parigi con il numero 539 807 677<br \/>Partita IVA intracomunitaria: FR89539807677<br \/><strong>Telefono :<\/strong> <a href=\"tel:+33176433444\">(+33) 1 76 43 34 44<\/a><br \/><strong>Posta:<\/strong> <a href=\"mailto:contact@pointcocapital.fr\">contact@pointcocapital.fr<\/a><br \/><strong>Direttore della pubblicazione:<\/strong> J\u00e9r\u00f4me Cornille, CEO PointCo Group<br \/><strong>Caporedattore:<\/strong> Sig.ra Aude Delmas-Begue, Responsabile Comunicazione Gruppo PointCo<\/p>\r\n<p>&nbsp;<\/p>\r\n<p><strong>L&#8217;hosting del sito<\/strong> \u00e8 fornito dalla societ\u00e0 OVH.<br \/>SAS au capital de 10 174 560 \u20ac<br \/>RCS Lille M\u00e9tropole 424 761 419 00045<br \/>Si\u00e8ge social : 2 rue Kellermann &#8211; 59100 Roubaix &#8211; France<\/p>\r\n<p>POINTCO CAPITAL svolge in particolare un&#8217;attivit\u00e0 di agente immobiliare regolata dalla legge n. 70-9 del 2 gennaio 1970 e dal suo decreto attuativo n. 72-678 del 20 luglio 1972.<br \/>POINTCO CAPITAL \u00e8 iscritta alRegistro del Commercio e delle Societ\u00e0 di Parigi. <br \/>Numero tessera professionale: CPI 7501 2021 000 000 614<br \/>CCI per il rilascio della tessera professionale: CCI Paris Ile-de-France<\/p>\r\n<p>&nbsp;<\/p>\r\n<p><strong>Crediti<\/strong><br \/>\u20282022 \u2013 POINTCO CAPITAL \u2013 TUTTI I DIRITTI RISERVATI<br \/>Foto di Cyril Abad &amp; Mathias Zwick (da Inland Stories) <br \/>Contenuti di PointCo Group Communication<br \/>Designed by the PointCo Group Communication &amp; Arttractiv <br \/>Sviluppato da Arttractiv<\/p><!-- \/wp:post-content --><!-- \/wp:heading --><p>Questo sito <a href=\"https:\/\/www.pointcocapital.com\">https:\/\/www.pointcocapital.com<\/a> (di seguito denominato &#8220;Sito&#8221;) \u00e8 pubblicato da PointCo Capital.<\/p>\r\n<p>&nbsp;<\/p>\r\n<p><br \/><strong>Sede legale:<\/strong> 10 rue de Penthi\u00e8vre, 75008, Parigi<br \/>SARL unipersonale con capitale sociale di \u20ac 100.000 <br \/>registrata presso il RCS di Parigi con il numero 539 807 677<br \/>Partita IVA intracomunitaria: FR89539807677<br \/><strong>Telefono :<\/strong> <a href=\"tel:+33176433444\">(+33) 1 76 43 34 44<\/a><br \/><strong>Posta:<\/strong> <a href=\"mailto:contact@pointcocapital.fr\">contact@pointcocapital.fr<\/a><br \/><strong>Direttore della pubblicazione:<\/strong> J\u00e9r\u00f4me Cornille, CEO PointCo Group<br \/><strong>Caporedattore:<\/strong> Sig.ra Aude Delmas-Begue, Responsabile Comunicazione Gruppo PointCo<\/p>\r\n<p>&nbsp;<\/p>\r\n<p><strong>L&#8217;hosting del sito<\/strong> \u00e8 fornito dalla societ\u00e0 OVH.<br \/>SAS au capital de 10 174 560 \u20ac<br \/>RCS Lille M\u00e9tropole 424 761 419 00045<br \/>Si\u00e8ge social : 2 rue Kellermann &#8211; 59100 Roubaix &#8211; France<\/p>\r\n<p>POINTCO CAPITAL svolge in particolare un&#8217;attivit\u00e0 di agente immobiliare regolata dalla legge n. 70-9 del 2 gennaio 1970 e dal suo decreto attuativo n. 72-678 del 20 luglio 1972.<br \/>POINTCO CAPITAL \u00e8 iscritta alRegistro del Commercio e delle Societ\u00e0 di Parigi. <br \/>Numero tessera professionale: CPI 7501 2021 000 000 614<br \/>CCI per il rilascio della tessera professionale: CCI Paris Ile-de-France<\/p>\r\n<p>&nbsp;<\/p>\r\n<p><strong>Crediti<\/strong><br \/>\u20282022 \u2013 POINTCO CAPITAL \u2013 TUTTI I DIRITTI RISERVATI<br \/>Foto di Cyril Abad &amp; Mathias Zwick (da Inland Stories) <br \/>Contenuti di PointCo Group Communication<br \/>Designed by the PointCo Group Communication &amp; Arttractiv <br \/>Sviluppato da Arttractiv<\/p><!-- \/wp:post-content --><!-- \/wp:heading --><!-- wp:post-content --><p>Questo sito <a href=\"https:\/\/www.pointcocapital.com\">https:\/\/www.pointcocapital.com<\/a> (di seguito denominato &#8220;Sito&#8221;) \u00e8 pubblicato da PointCo Capital.<\/p>\r\n<p>&nbsp;<\/p>\r\n<p><br \/><strong>Sede legale:<\/strong> 10 rue de Penthi\u00e8vre, 75008, Parigi<br \/>SARL unipersonale con capitale sociale di \u20ac 100.000 <br \/>registrata presso il RCS di Parigi con il numero 539 807 677<br \/>Partita IVA intracomunitaria: FR89539807677<br \/><strong>Telefono :<\/strong> <a href=\"tel:+33176433444\">(+33) 1 76 43 34 44<\/a><br \/><strong>Posta:<\/strong> <a href=\"mailto:contact@pointcocapital.fr\">contact@pointcocapital.fr<\/a><br \/><strong>Direttore della pubblicazione:<\/strong> J\u00e9r\u00f4me Cornille, CEO PointCo Group<br \/><strong>Caporedattore:<\/strong> Sig.ra Aude Delmas-Begue, Responsabile Comunicazione Gruppo PointCo<\/p>\r\n<p>&nbsp;<\/p>\r\n<p><strong>L&#8217;hosting del sito<\/strong> \u00e8 fornito dalla societ\u00e0 OVH.<br \/>SAS au capital de 10 174 560 \u20ac<br \/>RCS Lille M\u00e9tropole 424 761 419 00045<br \/>Si\u00e8ge social : 2 rue Kellermann &#8211; 59100 Roubaix &#8211; France<\/p>\r\n<p>POINTCO CAPITAL svolge in particolare un&#8217;attivit\u00e0 di agente immobiliare regolata dalla legge n. 70-9 del 2 gennaio 1970 e dal suo decreto attuativo n. 72-678 del 20 luglio 1972.<br \/>POINTCO CAPITAL \u00e8 iscritta alRegistro del Commercio e delle Societ\u00e0 di Parigi. <br \/>Numero tessera professionale: CPI 7501 2021 000 000 614<br \/>CCI per il rilascio della tessera professionale: CCI Paris Ile-de-France<\/p>\r\n<p>&nbsp;<\/p>\r\n<p><strong>Crediti<\/strong><br \/>\u20282022 \u2013 POINTCO CAPITAL \u2013 TUTTI I DIRITTI RISERVATI<br \/>Foto di Cyril Abad &amp; Mathias Zwick (da Inland Stories) <br \/>Contenuti di PointCo Group Communication<br \/>Designed by the PointCo Group Communication &amp; Arttractiv <br \/>Sviluppato da Arttractiv<\/p><!-- \/wp:post-content -->","protected":false},"excerpt":{"rendered":"<p>Niniejsza strona https:\/\/www.pointcocapital.com (zwana dalej &#8220;Stron\u0105&#8221;) jest opublikowana przez firm\u0119 PointCo Capital. &nbsp; Siedziba: 10 rue de Penthi\u00e8vre, 75008, ParisSAS unipersonnelle z kapita\u0142em o wysoko\u015bci 100 000 \u20ac zarejestrowany w RCS w Pary\u017cu pod numerem 539 807 677Wewn\u0105trzwsp\u00f3lnotowy numer VAT: FR89539807677Telefon : (+33) 1 76 43 34 44Mail: contact@pointcocapital.frDyrektor publikacji: J\u00e9r\u00f4me Cornille, Dyrektor Generalny PointCo [&hellip;]<\/p>\n","protected":false},"author":6,"featured_media":0,"parent":0,"menu_order":3,"comment_status":"closed","ping_status":"open","template":"","meta":{"inline_featured_image":false,"footnotes":""},"class_list":["post-3","page","type-page","status-publish","hentry"],"acf":[],"yoast_head":"<!-- This site is optimized with the Yoast SEO plugin v26.6 - https:\/\/yoast.com\/wordpress\/plugins\/seo\/ -->\n<title>Avviso legale - Pointco Capital<\/title>\n<meta name=\"robots\" content=\"index, follow, max-snippet:-1, max-image-preview:large, max-video-preview:-1\" \/>\n<link rel=\"canonical\" href=\"https:\/\/www.pointcoinvestment.com\/it\/privacy-policy\/\" \/>\n<meta property=\"og:locale\" content=\"it_IT\" \/>\n<meta property=\"og:type\" content=\"article\" \/>\n<meta property=\"og:title\" content=\"Avviso legale - Pointco Capital\" \/>\n<meta property=\"og:description\" content=\"Niniejsza strona https:\/\/www.pointcocapital.com (zwana dalej &#8220;Stron\u0105&#8221;) jest opublikowana przez firm\u0119 PointCo Capital. &nbsp; Siedziba: 10 rue de Penthi\u00e8vre, 75008, ParisSAS unipersonnelle z kapita\u0142em o wysoko\u015bci 100 000 \u20ac zarejestrowany w RCS w Pary\u017cu pod numerem 539 807 677Wewn\u0105trzwsp\u00f3lnotowy numer VAT: FR89539807677Telefon : (+33) 1 76 43 34 44Mail: contact@pointcocapital.frDyrektor publikacji: J\u00e9r\u00f4me Cornille, Dyrektor Generalny PointCo [&hellip;]\" \/>\n<meta property=\"og:url\" content=\"https:\/\/www.pointcoinvestment.com\/it\/privacy-policy\/\" \/>\n<meta property=\"og:site_name\" content=\"Pointco Capital\" \/>\n<meta property=\"article:modified_time\" content=\"2023-08-22T08:57:22+00:00\" \/>\n<meta name=\"twitter:card\" content=\"summary_large_image\" \/>\n<meta name=\"twitter:label1\" content=\"Tempo di lettura stimato\" \/>\n\t<meta name=\"twitter:data1\" content=\"1 minuto\" \/>\n<script type=\"application\/ld+json\" class=\"yoast-schema-graph\">{\"@context\":\"https:\/\/schema.org\",\"@graph\":[{\"@type\":\"WebPage\",\"@id\":\"https:\/\/www.pointcoinvestment.com\/it\/privacy-policy\/\",\"url\":\"https:\/\/www.pointcoinvestment.com\/it\/privacy-policy\/\",\"name\":\"Avviso legale - Pointco Capital\",\"isPartOf\":{\"@id\":\"https:\/\/www.pointcoinvestment.com\/it\/#website\"},\"datePublished\":\"2022-03-24T18:03:30+00:00\",\"dateModified\":\"2023-08-22T08:57:22+00:00\",\"breadcrumb\":{\"@id\":\"https:\/\/www.pointcoinvestment.com\/it\/privacy-policy\/#breadcrumb\"},\"inLanguage\":\"it-IT\",\"potentialAction\":[{\"@type\":\"ReadAction\",\"target\":[[\"https:\/\/www.pointcoinvestment.com\/it\/privacy-policy\/\"]]}]},{\"@type\":\"BreadcrumbList\",\"@id\":\"https:\/\/www.pointcoinvestment.com\/it\/privacy-policy\/#breadcrumb\",\"itemListElement\":[{\"@type\":\"ListItem\",\"position\":1,\"name\":\"Home\",\"item\":\"https:\/\/www.pointcoinvestment.com\/it\/\"},{\"@type\":\"ListItem\",\"position\":2,\"name\":\"Legal notices\"}]},{\"@type\":\"WebSite\",\"@id\":\"https:\/\/www.pointcoinvestment.com\/it\/#website\",\"url\":\"https:\/\/www.pointcoinvestment.com\/it\/\",\"name\":\"Pointco Capital\",\"description\":\"\",\"publisher\":{\"@id\":\"https:\/\/www.pointcoinvestment.com\/it\/#organization\"},\"potentialAction\":[{\"@type\":\"SearchAction\",\"target\":{\"@type\":\"EntryPoint\",\"urlTemplate\":\"https:\/\/www.pointcoinvestment.com\/it\/?s={search_term_string}\"},\"query-input\":{\"@type\":\"PropertyValueSpecification\",\"valueRequired\":true,\"valueName\":\"search_term_string\"}}],\"inLanguage\":\"it-IT\"},{\"@type\":\"Organization\",\"@id\":\"https:\/\/www.pointcoinvestment.com\/it\/#organization\",\"name\":\"Pointco Capital\",\"url\":\"https:\/\/www.pointcoinvestment.com\/it\/\",\"logo\":{\"@type\":\"ImageObject\",\"inLanguage\":\"it-IT\",\"@id\":\"https:\/\/www.pointcoinvestment.com\/it\/#\/schema\/logo\/image\/\",\"url\":\"https:\/\/www.pointcocapital.com\/wp-content\/uploads\/sites\/2\/2022\/03\/logo-capital.svg\",\"contentUrl\":\"https:\/\/www.pointcocapital.com\/wp-content\/uploads\/sites\/2\/2022\/03\/logo-capital.svg\",\"width\":200,\"height\":125,\"caption\":\"Pointco Capital\"},\"image\":{\"@id\":\"https:\/\/www.pointcoinvestment.com\/it\/#\/schema\/logo\/image\/\"}}]}<\/script>\n<!-- \/ Yoast SEO plugin. -->","yoast_head_json":{"title":"Avviso legale - Pointco Capital","robots":{"index":"index","follow":"follow","max-snippet":"max-snippet:-1","max-image-preview":"max-image-preview:large","max-video-preview":"max-video-preview:-1"},"canonical":"https:\/\/www.pointcoinvestment.com\/it\/privacy-policy\/","og_locale":"it_IT","og_type":"article","og_title":"Avviso legale - Pointco Capital","og_description":"Niniejsza strona https:\/\/www.pointcocapital.com (zwana dalej &#8220;Stron\u0105&#8221;) jest opublikowana przez firm\u0119 PointCo Capital. &nbsp; Siedziba: 10 rue de Penthi\u00e8vre, 75008, ParisSAS unipersonnelle z kapita\u0142em o wysoko\u015bci 100 000 \u20ac zarejestrowany w RCS w Pary\u017cu pod numerem 539 807 677Wewn\u0105trzwsp\u00f3lnotowy numer VAT: FR89539807677Telefon : (+33) 1 76 43 34 44Mail: contact@pointcocapital.frDyrektor publikacji: J\u00e9r\u00f4me Cornille, Dyrektor Generalny PointCo [&hellip;]","og_url":"https:\/\/www.pointcoinvestment.com\/it\/privacy-policy\/","og_site_name":"Pointco Capital","article_modified_time":"2023-08-22T08:57:22+00:00","twitter_card":"summary_large_image","twitter_misc":{"Tempo di lettura stimato":"1 minuto"},"schema":{"@context":"https:\/\/schema.org","@graph":[{"@type":"WebPage","@id":"https:\/\/www.pointcoinvestment.com\/it\/privacy-policy\/","url":"https:\/\/www.pointcoinvestment.com\/it\/privacy-policy\/","name":"Avviso legale - Pointco Capital","isPartOf":{"@id":"https:\/\/www.pointcoinvestment.com\/it\/#website"},"datePublished":"2022-03-24T18:03:30+00:00","dateModified":"2023-08-22T08:57:22+00:00","breadcrumb":{"@id":"https:\/\/www.pointcoinvestment.com\/it\/privacy-policy\/#breadcrumb"},"inLanguage":"it-IT","potentialAction":[{"@type":"ReadAction","target":[["https:\/\/www.pointcoinvestment.com\/it\/privacy-policy\/"]]}]},{"@type":"BreadcrumbList","@id":"https:\/\/www.pointcoinvestment.com\/it\/privacy-policy\/#breadcrumb","itemListElement":[{"@type":"ListItem","position":1,"name":"Home","item":"https:\/\/www.pointcoinvestment.com\/it\/"},{"@type":"ListItem","position":2,"name":"Legal notices"}]},{"@type":"WebSite","@id":"https:\/\/www.pointcoinvestment.com\/it\/#website","url":"https:\/\/www.pointcoinvestment.com\/it\/","name":"Pointco Capital","description":"","publisher":{"@id":"https:\/\/www.pointcoinvestment.com\/it\/#organization"},"potentialAction":[{"@type":"SearchAction","target":{"@type":"EntryPoint","urlTemplate":"https:\/\/www.pointcoinvestment.com\/it\/?s={search_term_string}"},"query-input":{"@type":"PropertyValueSpecification","valueRequired":true,"valueName":"search_term_string"}}],"inLanguage":"it-IT"},{"@type":"Organization","@id":"https:\/\/www.pointcoinvestment.com\/it\/#organization","name":"Pointco Capital","url":"https:\/\/www.pointcoinvestment.com\/it\/","logo":{"@type":"ImageObject","inLanguage":"it-IT","@id":"https:\/\/www.pointcoinvestment.com\/it\/#\/schema\/logo\/image\/","url":"https:\/\/www.pointcocapital.com\/wp-content\/uploads\/sites\/2\/2022\/03\/logo-capital.svg","contentUrl":"https:\/\/www.pointcocapital.com\/wp-content\/uploads\/sites\/2\/2022\/03\/logo-capital.svg","width":200,"height":125,"caption":"Pointco Capital"},"image":{"@id":"https:\/\/www.pointcoinvestment.com\/it\/#\/schema\/logo\/image\/"}}]}},"_links":{"self":[{"href":"https:\/\/www.pointcoinvestment.com\/it\/wp-json\/wp\/v2\/pages\/3","targetHints":{"allow":["GET"]}}],"collection":[{"href":"https:\/\/www.pointcoinvestment.com\/it\/wp-json\/wp\/v2\/pages"}],"about":[{"href":"https:\/\/www.pointcoinvestment.com\/it\/wp-json\/wp\/v2\/types\/page"}],"author":[{"embeddable":true,"href":"https:\/\/www.pointcoinvestment.com\/it\/wp-json\/wp\/v2\/users\/6"}],"replies":[{"embeddable":true,"href":"https:\/\/www.pointcoinvestment.com\/it\/wp-json\/wp\/v2\/comments?post=3"}],"version-history":[{"count":18,"href":"https:\/\/www.pointcoinvestment.com\/it\/wp-json\/wp\/v2\/pages\/3\/revisions"}],"predecessor-version":[{"id":2045,"href":"https:\/\/www.pointcoinvestment.com\/it\/wp-json\/wp\/v2\/pages\/3\/revisions\/2045"}],"wp:attachment":[{"href":"https:\/\/www.pointcoinvestment.com\/it\/wp-json\/wp\/v2\/media?parent=3"}],"curies":[{"name":"wp","href":"https:\/\/api.w.org\/{rel}","templated":true}]}}