{"id":1945,"date":"2023-01-23T11:27:40","date_gmt":"2023-01-23T09:27:40","guid":{"rendered":"https:\/\/www.pointcocapital.com\/?page_id=1945"},"modified":"2023-08-22T11:51:58","modified_gmt":"2023-08-22T08:51:58","slug":"general-terms-of-use","status":"publish","type":"page","link":"https:\/\/www.pointcoinvestment.com\/pt\/general-terms-of-use\/","title":{"rendered":"Termos Gerais de Utiliza\u00e7\u00e3o"},"content":{"rendered":"<p><strong>Artigo 1\u00ba &#8211; Informa\u00e7\u00e3o obrigat\u00f3ria<\/strong><\/p>\n<p>A POINTCO CAPITAL \u00e9 composto por tr\u00eas entidades POINTCO INVESTMENT, POINTCO ASSET MANAGEMENT e POINTCO HEALTHCARE.<\/p>\n<p>A POINTCO INVESTMENT oferece oportunidades de investimento e apoio \u00e0 medida na realiza\u00e7\u00e3o de transa\u00e7\u00f5es imobili\u00e1rias.<\/p>\n<p>A POINTCO ASSET MANAGEMENT realiza projetos de constru\u00e7\u00e3o em colabora\u00e7\u00e3o com os seus parceiros europeus e participa em transa\u00e7\u00f5es como revendedor de bens.<\/p>\n<p>A POINTCO HEALTHCARE apoia os operadores do setor da sa\u00fade no seu desenvolvimento e oferece-lhes um servi\u00e7o de pesquisa de financiamento, bem como oportunidades de aquisi\u00e7\u00e3o externa (M&amp;A).<\/p>\n<p>Este <a href=\"http:\/\/www.pointcocapital.com\">http:\/\/www.pointcocapital.com<\/a> website (doravante designado por &#8220;Site&#8221;) \u00e9 publicado pela sociedade an\u00f3nima pointco CAPITAL (doravante designada por &#8220;POINTCO CAPITAL&#8221;), com um capital de 100.000 euros, cuja sede est\u00e1 localizada \u00e0s 10 rue de Penthi\u00e8vre, 75008, Paris, registada no Com\u00e9rcio e Nas Sociedades De Registo de Paris sob o n\u00famero 539 807 677 (n\u00famero intracomuni\u00e1rio do IVA : FR89539807677).<\/p>\n<p>Para qualquer contacto:<br \/>\nEmail: <a href=\"mailto:contact@pointcocapital.fr\">contact@pointcocapital.fr<\/a><br \/>\nTelefone : <a href=\"tel:+33%201%2076%2043%2034%2044\">(+33) 1 76 43 34 44<\/a><\/p>\n<p>&nbsp;<\/p>\n<p><strong>Artigo 2\u00ba &#8211; Disposi\u00e7\u00f5es gerais relativas a estas condi\u00e7\u00f5es gerais de utiliza\u00e7\u00e3o (a seguir designada &#8220;GTC&#8221;)<\/strong><\/p>\n<p>A utiliza\u00e7\u00e3o do Site implica a aceita\u00e7\u00e3o total pelos utilizadores do Site (doravante &#8220;o(s) Utilizador(s)&#8221;) do GTCU descrito abaixo.<\/p>\n<p>POINTCO CAPITAL informa o U TERMOS pode ser modificado, conclu\u00eddo ou atualizado a qualquer momento. Estas altera\u00e7\u00f5es s\u00e3o publicadas quando s\u00e3o publicadas online e s\u00e3o consideradas como tendo sido aceites sem reservas ao aceder ao Site ap\u00f3s serem colocadas online. Os utilizadores s\u00e3o aconselhados a consultar regularmente esta p\u00e1gina.<\/p>\n<p>&nbsp;<\/p>\n<p><strong>Artigo 3\u00ba &#8211; Disposi\u00e7\u00f5es gerais relativas ao S\u00edtio<\/strong><\/p>\n<p>O objetivo do Site \u00e9 fornecer informa\u00e7\u00f5es sobre todos os servi\u00e7os oferecidos pela POINTCO CAPITAL.<br \/>\nOsite \u00e9 normalmente acess\u00edvel aos utilizadores a qualquer momento. Uma interrup\u00e7\u00e3o devido \u00e0 manuten\u00e7\u00e3o t\u00e9cnica pode, no entanto, ser decidida pela POINTCO CAPITAL, que ir\u00e1 ent\u00e3o esfor\u00e7ar-se por informar os Utilizadores antes das datas e hor\u00e1rios da interven\u00e7\u00e3o.<br \/>\nO conte\u00fado do Site \u00e9 regularmente atualizado pela POINTCO CAPITAL, que \u00e9 livre de modific\u00e1-lo a qualquer momento e sem aviso pr\u00e9vio.<br \/>\nA POINTCO CAPITAL esfor\u00e7a-se por fornecer informa\u00e7\u00f5es no site o mais precisa poss\u00edvel. No entanto , n\u00e3o pode ser responsabilizada por omiss\u00f5es, imprecis\u00f5es e defici\u00eancias na atualiza\u00e7\u00e3o, quer por si s\u00f3, quer por parceiros terceiros que a forne\u00e7am com estas informa\u00e7\u00f5es.<br \/>\nTodas as informa\u00e7\u00f5es indicadas no Site s\u00e3o dadas como indica\u00e7\u00e3o, estando sujeitas a altera\u00e7\u00f5es. Al\u00e9m disso, a informa\u00e7\u00e3o sobre o Site n\u00e3o \u00e9 exaustiva. Est\u00e3o sujeitos a altera\u00e7\u00f5es que foram feitas desde que foram colocadas online.<\/p>\n<p>&nbsp;<\/p>\n<p><strong>Artigo 4\u00ba &#8211; Propriedade intelectual<\/strong><\/p>\n<p>A POINTCO CAPITAL det\u00e9m os direitos sobre os nomes, marcas e log\u00f3tipos POINTCO CAPITAL, POINTCO INVESTMENT, POINTCO HEALTHCARE e POINTCO ASSET MANAGEMENT, bem como nomes de dom\u00ednios relacionados.<\/p>\n<p>O Site, como um todo, a sua estrutura geral, bem como o software, estruturas de \u00e1rvores, textos, imagens, gr\u00e1ficos, fotografias, ilustra\u00e7\u00f5es, diagramas, logotipos, sons, anima\u00e7\u00f5es e qualquer outro elemento que comp\u00f5e o Site s\u00e3o obras da mente e cria\u00e7\u00f5es protegidas pelo direito da propriedade intelectual. Estes elementos s\u00e3o propriedade exclusiva da POINTCO CAPITAL, ou s\u00e3o regularmente explorados sob licen\u00e7a e a POINTCO CAPITAL tem o direito exclusiva de utilizar os direitos de propriedade intelectual que lhe s\u00e3o relativos.<br \/>\n\u00c9 estritamente proibida a utiliza\u00e7\u00e3o da totalidade ou de parte do Site, nomeadamente atrav\u00e9s do descarregamento, reprodu\u00e7\u00e3o, transmiss\u00e3o, representa\u00e7\u00e3o ou divulga\u00e7\u00e3o para fins que n\u00e3o o uso pessoal e privado para fins n\u00e3o comerciais. A viola\u00e7\u00e3o destas disposi\u00e7\u00f5es exp\u00f5e-no \u00e0s san\u00e7\u00f5es previstas tanto pelo C\u00f3digo da Propriedade Intelectual como pelo C\u00f3digo Penal, por viola\u00e7\u00e3o do direito de autor e do direito de marca, bem como pelo C\u00f3digo Civil em mat\u00e9ria de responsabilidade civil.<br \/>\nA cria\u00e7\u00e3o de hipertextos de liga\u00e7\u00f5es ao Site s\u00f3 pode ser feita com a autoriza\u00e7\u00e3o pr\u00e9via por escrito da POINTCO CAPITAL, que a autoriza\u00e7\u00e3o pode ser revogada a qualquer momento.<\/p>\n<p>&nbsp;<\/p>\n<p><strong>Artigo 5\u00ba &#8211; Dados pessoais<\/strong><\/p>\n<p>A POINTCO CAPITAL implementa uma Pol\u00edtica de Prote\u00e7\u00e3o de Dados Pessoais (&#8220;Dados Pessoais&#8221;) disponibilizada aos Utilizadores no Site (dispon\u00edvel aqui).<\/p>\n<p>&nbsp;<\/p>\n<p><strong>Artigo 6\u00ba &#8211; Cookies<\/strong><\/p>\n<p>A POINTCO CAPITAL poder\u00e1 utilizar cookies para facilitar a navega\u00e7\u00e3o e desempenho deste Site, bem como para estabelecer estat\u00edsticas e volumes de tr\u00e1fego para este Site.<\/p>\n<p>Um &#8220;cookie&#8221; \u00e9 um pequeno ficheiro (menos de 4 KB), armazenado pelo Site no disco r\u00edgido do Utilizador, contendo informa\u00e7\u00f5es relacionadas com os h\u00e1bitos de navega\u00e7\u00e3o do Utilizador.<\/p>\n<p>Estes ficheiros possibilitam o processo de estat\u00edsticas e informa\u00e7\u00f5es de tr\u00e1fego, para facilitar a navega\u00e7\u00e3o e melhorar o servi\u00e7o para o conforto do Utilizador.<\/p>\n<p>Para a utiliza\u00e7\u00e3o de ficheiros &#8220;cookie&#8221; que envolvam a poupan\u00e7a e an\u00e1lise de dados pessoais, o consentimento do Utilizador \u00e9 necessariamente solicitado.<\/p>\n<p>Este consentimento do Utilizador \u00e9 considerado v\u00e1lido por um per\u00edodo de 6 (sex) meses no m\u00e1ximo. No final deste per\u00edodo, o site ir\u00e1 novamente pedir a autoriza\u00e7\u00e3o do Utilizador para guardar ficheiros de &#8220;cookie&#8221; no seu disco r\u00edgido.<\/p>\n<p>Os cookies que n\u00e3o s\u00e3o essenciais para o funcionamento do site s\u00e3o colocados apenas no terminal do Utilizador ap\u00f3s obter o seu consentimento. O Utilizador pode retirar o seu consentimento a qualquer momento, da seguinte forma:<\/p>\n<p>Em geral, \u00e9 levado ao conhecimento do Utilizador que pode opor-se ao registo destes ficheiros &#8220;cookie&#8221;, configurando o seu software de navegador. Para isso, pode ser \u00fatil consultar o menu &#8220;Ajuda&#8221; do navegador.<\/p>\n<p>No caso de o Utilizador decidir desativar os ficheiros &#8220;cookie&#8221;, poder\u00e1 continuar a navegar no Site. No entanto, qualquer mau funcionamento do Site causado por esta manipula\u00e7\u00e3o n\u00e3o poderia ser considerado como devido ao editor do Site.<\/p>\n<p>Ao navegar no site, o Utilizador \u00e9 informado de que os ficheiros &#8220;cookie&#8221; de terceiros podem ser guardados.<\/p>\n<p>Al\u00e9m disso, o site integra bot\u00f5es de rede social, permitindo ao Utilizador partilhar a sua atividade no Site. Os ficheiros &#8220;Cookie&#8221; destas redes sociais podem, portanto, ser armazenados no computador do Utilizador ao utilizar estas funcionalidades.<\/p>\n<p>A aten\u00e7\u00e3o do Utilizador \u00e9 chamada ao facto de estes sites terem as suas pr\u00f3prias pol\u00edticas de privacidade e condi\u00e7\u00f5es gerais de utiliza\u00e7\u00e3o que podem diferir do Site. O editor do Site convida os Utilizadores a consultarem as pol\u00edticas de privacidade e as condi\u00e7\u00f5es gerais de utiliza\u00e7\u00e3o destes S\u00edtios.<\/p>\n<p>&nbsp;<\/p>\n<p><strong>Artigo 7\u00ba &#8211; Garantias e responsabilidade<\/strong><\/p>\n<p>A POINTCO CAPITAL esfor\u00e7a-se por garantir que a informa\u00e7\u00e3o acess\u00edvel atrav\u00e9s do Site \u00e9 precisa e atualizada. No entanto, a POINTCO CAPITAL n\u00e3o garante de forma alguma que estas informa\u00e7\u00f5es s\u00e3o precisas, completas e atualizadas.<\/p>\n<p>A POINTCO CAPITAL n\u00e3o oferece qualquer garantia, expressa ou impl\u00edcita, relativa \u00e0 total ou parcial do S\u00edtio. A POINTCO CAPITAL tamb\u00e9m declina toda a responsabilidade pelo acesso e conte\u00fado dos sites ligados ao Site.<\/p>\n<p>Em caso algum a POINTCO CAPITAL pode ser responsabilizada por quaisquer danos diretos ou indiretos, qualquer que seja a causa, origem, natureza e consequ\u00eancia, resultantes da consulta ou utiliza\u00e7\u00e3o do S\u00edtio.<\/p>\n<p>O utilizador do site compromete-se a aceder ao Site utilizando equipamentos recentes, n\u00e3o contendo v\u00edrus e com um navegador de \u00faltima gera\u00e7\u00e3o atualizado.<\/p>\n<p>A POINTCO CAPITAL n\u00e3o se responsabiliza por quaisquer danos diretos ou indiretos causados ao equipamento do Utilizador ao aceder ao Site.<\/p>\n<p>A POINTCO CAPITAL tamb\u00e9m n\u00e3o pode ser responsabilizada por danos indiretos (como por exemplo uma perda de mercado ou perda de oportunidade) resultantes da utiliza\u00e7\u00e3o do Site.<\/p>\n<p>A POINTCO CAPITAL n\u00e3o controla os riscos associados ao funcionamento da Internet e chama a aten\u00e7\u00e3o dos Utilizadorespara a exist\u00eancia de poss\u00edveis riscos em termos de confidencialidade dos dados que passam pela rede.<\/p>\n<p>Todos os sites com hipertexto ligado ao Site n\u00e3o est\u00e3o sob o controlo da POINTCO CAPITAL , que por isso declina toda a responsabilidade (incluindo editorial) relativa ao acesso e conte\u00fado desses sites.<\/p>\n<p>&nbsp;<\/p>\n<p><strong>Artigo 8\u00ba &#8211; Lei e compet\u00eancia aplic\u00e1veis<\/strong><\/p>\n<p>Estes TERMOS s\u00e3o elaborados de acordo com a lei francesa em vigor e est\u00e3o sujeitos ao Lei francesa.<\/p>\n<p>O Tribunal Judicial de Paris \u00e9 territorialmente competente para ouvir qualquer lit\u00edgio relacionado com a utiliza\u00e7\u00e3o do S\u00edtio.<\/p>\n<p>&nbsp;<\/p>","protected":false},"excerpt":{"rendered":"<p>Artigo 1\u00ba &#8211; Informa\u00e7\u00e3o obrigat\u00f3ria A POINTCO CAPITAL \u00e9 composto por tr\u00eas entidades POINTCO INVESTMENT, POINTCO ASSET MANAGEMENT e POINTCO HEALTHCARE. A POINTCO INVESTMENT oferece oportunidades de investimento e apoio \u00e0 medida na realiza\u00e7\u00e3o de transa\u00e7\u00f5es imobili\u00e1rias. A POINTCO ASSET MANAGEMENT realiza projetos de constru\u00e7\u00e3o em colabora\u00e7\u00e3o com os seus parceiros europeus e participa em [&hellip;]<\/p>\n","protected":false},"author":4,"featured_media":0,"parent":0,"menu_order":1,"comment_status":"closed","ping_status":"closed","template":"","meta":{"inline_featured_image":false,"footnotes":""},"class_list":["post-1945","page","type-page","status-publish","hentry"],"acf":[],"yoast_head":"<!-- This site is optimized with the Yoast SEO plugin v26.6 - https:\/\/yoast.com\/wordpress\/plugins\/seo\/ -->\n<title>Termos Gerais de Utiliza\u00e7\u00e3o - Pointco Capital<\/title>\n<meta name=\"robots\" content=\"index, follow, max-snippet:-1, max-image-preview:large, max-video-preview:-1\" \/>\n<link rel=\"canonical\" href=\"https:\/\/www.pointcoinvestment.com\/pt\/general-terms-of-use\/\" \/>\n<meta property=\"og:locale\" content=\"pt_PT\" \/>\n<meta property=\"og:type\" content=\"article\" \/>\n<meta property=\"og:title\" content=\"Termos Gerais de Utiliza\u00e7\u00e3o - Pointco Capital\" \/>\n<meta property=\"og:description\" content=\"Artigo 1\u00ba &#8211; Informa\u00e7\u00e3o obrigat\u00f3ria A POINTCO CAPITAL \u00e9 composto por tr\u00eas entidades POINTCO INVESTMENT, POINTCO ASSET MANAGEMENT e POINTCO HEALTHCARE. A POINTCO INVESTMENT oferece oportunidades de investimento e apoio \u00e0 medida na realiza\u00e7\u00e3o de transa\u00e7\u00f5es imobili\u00e1rias. A POINTCO ASSET MANAGEMENT realiza projetos de constru\u00e7\u00e3o em colabora\u00e7\u00e3o com os seus parceiros europeus e participa em [&hellip;]\" \/>\n<meta property=\"og:url\" content=\"https:\/\/www.pointcoinvestment.com\/pt\/general-terms-of-use\/\" \/>\n<meta property=\"og:site_name\" content=\"Pointco Capital\" \/>\n<meta property=\"article:modified_time\" content=\"2023-08-22T08:51:58+00:00\" \/>\n<meta name=\"twitter:card\" content=\"summary_large_image\" \/>\n<meta name=\"twitter:label1\" content=\"Tempo estimado de leitura\" \/>\n\t<meta name=\"twitter:data1\" content=\"6 minutos\" \/>\n<script type=\"application\/ld+json\" class=\"yoast-schema-graph\">{\"@context\":\"https:\/\/schema.org\",\"@graph\":[{\"@type\":\"WebPage\",\"@id\":\"https:\/\/www.pointcoinvestment.com\/pt\/general-terms-of-use\/\",\"url\":\"https:\/\/www.pointcoinvestment.com\/pt\/general-terms-of-use\/\",\"name\":\"Termos Gerais de Utiliza\u00e7\u00e3o - Pointco Capital\",\"isPartOf\":{\"@id\":\"https:\/\/www.pointcoinvestment.com\/pt\/#website\"},\"datePublished\":\"2023-01-23T09:27:40+00:00\",\"dateModified\":\"2023-08-22T08:51:58+00:00\",\"breadcrumb\":{\"@id\":\"https:\/\/www.pointcoinvestment.com\/pt\/general-terms-of-use\/#breadcrumb\"},\"inLanguage\":\"pt-PT\",\"potentialAction\":[{\"@type\":\"ReadAction\",\"target\":[[\"https:\/\/www.pointcoinvestment.com\/pt\/general-terms-of-use\/\"]]}]},{\"@type\":\"BreadcrumbList\",\"@id\":\"https:\/\/www.pointcoinvestment.com\/pt\/general-terms-of-use\/#breadcrumb\",\"itemListElement\":[{\"@type\":\"ListItem\",\"position\":1,\"name\":\"Home\",\"item\":\"https:\/\/www.pointcoinvestment.com\/pt\/\"},{\"@type\":\"ListItem\",\"position\":2,\"name\":\"General Terms of Use\"}]},{\"@type\":\"WebSite\",\"@id\":\"https:\/\/www.pointcoinvestment.com\/pt\/#website\",\"url\":\"https:\/\/www.pointcoinvestment.com\/pt\/\",\"name\":\"Pointco Capital\",\"description\":\"\",\"publisher\":{\"@id\":\"https:\/\/www.pointcoinvestment.com\/pt\/#organization\"},\"potentialAction\":[{\"@type\":\"SearchAction\",\"target\":{\"@type\":\"EntryPoint\",\"urlTemplate\":\"https:\/\/www.pointcoinvestment.com\/pt\/?s={search_term_string}\"},\"query-input\":{\"@type\":\"PropertyValueSpecification\",\"valueRequired\":true,\"valueName\":\"search_term_string\"}}],\"inLanguage\":\"pt-PT\"},{\"@type\":\"Organization\",\"@id\":\"https:\/\/www.pointcoinvestment.com\/pt\/#organization\",\"name\":\"Pointco Capital\",\"url\":\"https:\/\/www.pointcoinvestment.com\/pt\/\",\"logo\":{\"@type\":\"ImageObject\",\"inLanguage\":\"pt-PT\",\"@id\":\"https:\/\/www.pointcoinvestment.com\/pt\/#\/schema\/logo\/image\/\",\"url\":\"https:\/\/www.pointcocapital.com\/wp-content\/uploads\/sites\/2\/2022\/03\/logo-capital.svg\",\"contentUrl\":\"https:\/\/www.pointcocapital.com\/wp-content\/uploads\/sites\/2\/2022\/03\/logo-capital.svg\",\"width\":200,\"height\":125,\"caption\":\"Pointco Capital\"},\"image\":{\"@id\":\"https:\/\/www.pointcoinvestment.com\/pt\/#\/schema\/logo\/image\/\"}}]}<\/script>\n<!-- \/ Yoast SEO plugin. -->","yoast_head_json":{"title":"Termos Gerais de Utiliza\u00e7\u00e3o - Pointco Capital","robots":{"index":"index","follow":"follow","max-snippet":"max-snippet:-1","max-image-preview":"max-image-preview:large","max-video-preview":"max-video-preview:-1"},"canonical":"https:\/\/www.pointcoinvestment.com\/pt\/general-terms-of-use\/","og_locale":"pt_PT","og_type":"article","og_title":"Termos Gerais de Utiliza\u00e7\u00e3o - Pointco Capital","og_description":"Artigo 1\u00ba &#8211; Informa\u00e7\u00e3o obrigat\u00f3ria A POINTCO CAPITAL \u00e9 composto por tr\u00eas entidades POINTCO INVESTMENT, POINTCO ASSET MANAGEMENT e POINTCO HEALTHCARE. A POINTCO INVESTMENT oferece oportunidades de investimento e apoio \u00e0 medida na realiza\u00e7\u00e3o de transa\u00e7\u00f5es imobili\u00e1rias. A POINTCO ASSET MANAGEMENT realiza projetos de constru\u00e7\u00e3o em colabora\u00e7\u00e3o com os seus parceiros europeus e participa em [&hellip;]","og_url":"https:\/\/www.pointcoinvestment.com\/pt\/general-terms-of-use\/","og_site_name":"Pointco Capital","article_modified_time":"2023-08-22T08:51:58+00:00","twitter_card":"summary_large_image","twitter_misc":{"Tempo estimado de leitura":"6 minutos"},"schema":{"@context":"https:\/\/schema.org","@graph":[{"@type":"WebPage","@id":"https:\/\/www.pointcoinvestment.com\/pt\/general-terms-of-use\/","url":"https:\/\/www.pointcoinvestment.com\/pt\/general-terms-of-use\/","name":"Termos Gerais de Utiliza\u00e7\u00e3o - Pointco Capital","isPartOf":{"@id":"https:\/\/www.pointcoinvestment.com\/pt\/#website"},"datePublished":"2023-01-23T09:27:40+00:00","dateModified":"2023-08-22T08:51:58+00:00","breadcrumb":{"@id":"https:\/\/www.pointcoinvestment.com\/pt\/general-terms-of-use\/#breadcrumb"},"inLanguage":"pt-PT","potentialAction":[{"@type":"ReadAction","target":[["https:\/\/www.pointcoinvestment.com\/pt\/general-terms-of-use\/"]]}]},{"@type":"BreadcrumbList","@id":"https:\/\/www.pointcoinvestment.com\/pt\/general-terms-of-use\/#breadcrumb","itemListElement":[{"@type":"ListItem","position":1,"name":"Home","item":"https:\/\/www.pointcoinvestment.com\/pt\/"},{"@type":"ListItem","position":2,"name":"General Terms of Use"}]},{"@type":"WebSite","@id":"https:\/\/www.pointcoinvestment.com\/pt\/#website","url":"https:\/\/www.pointcoinvestment.com\/pt\/","name":"Pointco Capital","description":"","publisher":{"@id":"https:\/\/www.pointcoinvestment.com\/pt\/#organization"},"potentialAction":[{"@type":"SearchAction","target":{"@type":"EntryPoint","urlTemplate":"https:\/\/www.pointcoinvestment.com\/pt\/?s={search_term_string}"},"query-input":{"@type":"PropertyValueSpecification","valueRequired":true,"valueName":"search_term_string"}}],"inLanguage":"pt-PT"},{"@type":"Organization","@id":"https:\/\/www.pointcoinvestment.com\/pt\/#organization","name":"Pointco Capital","url":"https:\/\/www.pointcoinvestment.com\/pt\/","logo":{"@type":"ImageObject","inLanguage":"pt-PT","@id":"https:\/\/www.pointcoinvestment.com\/pt\/#\/schema\/logo\/image\/","url":"https:\/\/www.pointcocapital.com\/wp-content\/uploads\/sites\/2\/2022\/03\/logo-capital.svg","contentUrl":"https:\/\/www.pointcocapital.com\/wp-content\/uploads\/sites\/2\/2022\/03\/logo-capital.svg","width":200,"height":125,"caption":"Pointco Capital"},"image":{"@id":"https:\/\/www.pointcoinvestment.com\/pt\/#\/schema\/logo\/image\/"}}]}},"_links":{"self":[{"href":"https:\/\/www.pointcoinvestment.com\/pt\/wp-json\/wp\/v2\/pages\/1945","targetHints":{"allow":["GET"]}}],"collection":[{"href":"https:\/\/www.pointcoinvestment.com\/pt\/wp-json\/wp\/v2\/pages"}],"about":[{"href":"https:\/\/www.pointcoinvestment.com\/pt\/wp-json\/wp\/v2\/types\/page"}],"author":[{"embeddable":true,"href":"https:\/\/www.pointcoinvestment.com\/pt\/wp-json\/wp\/v2\/users\/4"}],"replies":[{"embeddable":true,"href":"https:\/\/www.pointcoinvestment.com\/pt\/wp-json\/wp\/v2\/comments?post=1945"}],"version-history":[{"count":23,"href":"https:\/\/www.pointcoinvestment.com\/pt\/wp-json\/wp\/v2\/pages\/1945\/revisions"}],"predecessor-version":[{"id":2043,"href":"https:\/\/www.pointcoinvestment.com\/pt\/wp-json\/wp\/v2\/pages\/1945\/revisions\/2043"}],"wp:attachment":[{"href":"https:\/\/www.pointcoinvestment.com\/pt\/wp-json\/wp\/v2\/media?parent=1945"}],"curies":[{"name":"wp","href":"https:\/\/api.w.org\/{rel}","templated":true}]}}